{"id":6950,"date":"2025-05-15T16:15:18","date_gmt":"2025-05-15T14:15:18","guid":{"rendered":"https:\/\/unarchivefest.it\/?page_id=6950"},"modified":"2025-05-19T00:53:07","modified_gmt":"2025-05-18T22:53:07","slug":"les-archives-dans-les-mains-des-cineastes","status":"publish","type":"page","link":"https:\/\/unarchivefest.it\/en\/les-archives-dans-les-mains-des-cineastes\/","title":{"rendered":"Les archives dans les mains des cin\u00e9astes"},"content":{"rendered":"<div class=\"wpb-content-wrapper\"><p>[vc_row row_height_percent=&#8221;0&#8243; override_padding=&#8221;yes&#8221; h_padding=&#8221;2&#8243; top_padding=&#8221;2&#8243; bottom_padding=&#8221;0&#8243; overlay_alpha=&#8221;50&#8243; gutter_size=&#8221;3&#8243; column_width_percent=&#8221;100&#8243; shift_y=&#8221;0&#8243; z_index=&#8221;0&#8243; uncode_shortcode_id=&#8221;187932&#8243;][vc_column column_width_percent=&#8221;100&#8243; gutter_size=&#8221;2&#8243; overlay_alpha=&#8221;50&#8243; shift_x=&#8221;0&#8243; shift_y=&#8221;0&#8243; shift_y_down=&#8221;0&#8243; z_index=&#8221;0&#8243; medium_width=&#8221;0&#8243; mobile_width=&#8221;0&#8243; width=&#8221;1\/1&#8243; uncode_shortcode_id=&#8221;269404&#8243;][vc_single_image media=&#8221;6961&#8243; media_width_percent=&#8221;100&#8243; uncode_shortcode_id=&#8221;163938&#8243;][vc_separator sep_color=&#8221;color-wvjs&#8221; type=&#8221;dotted&#8221; uncode_shortcode_id=&#8221;202264&#8243; sep_color_type=&#8221;uncode-palette&#8221; el_height=&#8221;10&#8243;][\/vc_column][\/vc_row][vc_row row_height_percent=&#8221;0&#8243; overlay_alpha=&#8221;50&#8243; gutter_size=&#8221;3&#8243; column_width_percent=&#8221;100&#8243; shift_y=&#8221;0&#8243; z_index=&#8221;0&#8243; uncode_shortcode_id=&#8221;115430&#8243;][vc_column column_width_percent=&#8221;100&#8243; gutter_size=&#8221;0&#8243; overlay_alpha=&#8221;50&#8243; shift_x=&#8221;0&#8243; shift_y=&#8221;0&#8243; shift_y_down=&#8221;0&#8243; z_index=&#8221;0&#8243; medium_width=&#8221;0&#8243; mobile_width=&#8221;0&#8243; width=&#8221;1\/2&#8243; uncode_shortcode_id=&#8221;180167&#8243;][vc_column_text uncode_shortcode_id=&#8221;165214&#8243;]<\/p>\n<h1><strong><span style=\"color: #ff0000;\">Les archives dans les mains <\/span><\/strong><strong><span style=\"color: #ff0000;\">des cin\u00e9astes<\/span><\/strong><\/h1>\n<p>[\/vc_column_text][vc_column_text uncode_shortcode_id=&#8221;882131&#8243;]<\/p>\n<h3><strong><span style=\"color: #ff0000;\">A selection of reuse films from the Cin\u00e9math\u00e8que qu\u00e9b\u00e9coise<\/span><\/strong><\/h3>\n<p>[\/vc_column_text][\/vc_column][vc_column width=&#8221;1\/2&#8243;][vc_column_text uncode_shortcode_id=&#8221;141242&#8243;]<\/p>\n<h4><strong><span style=\"color: #666699;\">May 31<br \/>\n6:00 pm.<\/span><\/strong><br \/>\n<strong><span style=\"color: #666699;\">Cinema Intrastevere &#8211; <\/span><\/strong><span style=\"color: #666699;\"><strong>Sala 2<\/strong><br \/>\n<span style=\"color: #ff0000;\"><strong>Introduction from the Cin\u00e9math\u00e8que qu\u00e9b\u00e9coise curator Guillaume Lafleur<\/strong><\/span><br \/>\n<\/span><\/h4>\n<p>[\/vc_column_text][\/vc_column][\/vc_row][vc_row row_height_percent=&#8221;0&#8243; override_padding=&#8221;yes&#8221; h_padding=&#8221;2&#8243; top_padding=&#8221;2&#8243; bottom_padding=&#8221;0&#8243; overlay_alpha=&#8221;50&#8243; gutter_size=&#8221;3&#8243; column_width_percent=&#8221;100&#8243; shift_y=&#8221;0&#8243; z_index=&#8221;0&#8243; uncode_shortcode_id=&#8221;187932&#8243;][vc_column column_width_percent=&#8221;100&#8243; gutter_size=&#8221;2&#8243; overlay_alpha=&#8221;50&#8243; shift_x=&#8221;0&#8243; shift_y=&#8221;0&#8243; shift_y_down=&#8221;0&#8243; z_index=&#8221;0&#8243; medium_width=&#8221;0&#8243; mobile_width=&#8221;0&#8243; width=&#8221;1\/1&#8243; uncode_shortcode_id=&#8221;269404&#8243;][vc_separator sep_color=&#8221;color-wvjs&#8221; type=&#8221;dotted&#8221; uncode_shortcode_id=&#8221;202264&#8243; sep_color_type=&#8221;uncode-palette&#8221; el_height=&#8221;10&#8243;][vc_column_text uncode_shortcode_id=&#8221;186068&#8243;]The Cin\u00e9math\u00e8que qu\u00e9b\u00e9coise invited five artists of experimental and animated cinema to make a short film using unused Soviet films donated by collector Fran\u00e7ois Lemai. Recomposing the images, manipulating the shots to recall their plastic value, producing a discourse that resonates with the approach of the artists called upon&#8230;<br \/>\nIt is with this in mind that director Theodore Ushev rearranges Eisenstein&#8217;s The Old and the New with aesthetic vigor and panache, giving it a new historical dimension, with the old becoming the USSR and the new Putin&#8217;s Russia.<br \/>\nFor her part, Austrian-Canadian experimental filmmaker Michaela Grill revisited themes from her later films (the disappearance of species, the environmental divide) by rearranging images from Soviet dystopian fiction.<br \/>\nUnder the title <em>La duret\u00e9 du mental<\/em>, Charles-Andr\u00e9 Coderre, a young filmmaker and performer associated with the Montreal group Double n\u00e9gatif, offers a reworking and plastic alteration of Soviet sports films from the 1980s depicting wrestling and pole vaulting.<br \/>\nFinally, two films question the cinematic landscape and<br \/>\nits intimate function. Canadian-Bulgarian filmmaker Ralitsa Doncheva achieves this by reusing a 35mm copy of an unfinished film by Alexander Sokourov. Steven Woloshen, for his part, takes a very personal and contemplative approach, rephotographing in 65mm the landscapes of some shots from the film Les tziganes montent au ciel, by Moldovan-born director Emil Loteanu.<\/p>\n<p>Guillaume Lafleur<br \/>\n<em>Director of programming, distribution and publications Cin\u00e9math\u00e8que qu\u00e9b\u00e9coise<\/em>[\/vc_column_text][vc_separator sep_color=&#8221;color-wvjs&#8221; type=&#8221;dotted&#8221; uncode_shortcode_id=&#8221;202264&#8243; sep_color_type=&#8221;uncode-palette&#8221; el_height=&#8221;10&#8243;][vc_empty_space empty_h=&#8221;2&#8243;][\/vc_column][\/vc_row][vc_row][vc_column width=&#8221;1\/1&#8243;][vc_column_text uncode_shortcode_id=&#8221;140011&#8243;]<\/p>\n<p style=\"text-align: center;\"><strong><span style=\"color: #ff0000;\">L\u2019ancien et le nouveau (effac\u00e9)<\/span><\/strong><br \/>\nTheodore Ushev \/ Qu\u00e9bec \/ 19\u2019 \/ 2025<br \/>\n<strong><span style=\"color: #ff0000;\">La tristesse du lynx<\/span><\/strong><br \/>\nMichaela Grill \/ Qu\u00e9bec \/ 10\u2019 \/ 2025<br \/>\n<strong><span style=\"color: #ff0000;\">La duret\u00e9 du mental<\/span><\/strong><br \/>\nCharles-Andr\u00e9 Coderre \/ Qu\u00e9bec \/ 20\u2019 \/ 2025<br \/>\n<strong><span style=\"color: #ff0000;\">Last Evenings on Earth<\/span><\/strong><br \/>\nRalitsa Doncheva \/ Qu\u00e9bec \/ 13\u2019 \/ 2025<br \/>\n<strong><span style=\"color: #ff0000;\">Territoires parall\u00e8les<\/span><\/strong><br \/>\nSteven Woloshen \/ Qu\u00e9bec \/ 7\u2019 \/ 2025<\/p>\n<p>[\/vc_column_text][vc_separator sep_color=&#8221;color-wvjs&#8221; uncode_shortcode_id=&#8221;939575&#8243; sep_color_type=&#8221;uncode-palette&#8221; el_height=&#8221;1&#8243;][\/vc_column][\/vc_row][vc_row row_height_percent=&#8221;0&#8243; override_padding=&#8221;yes&#8221; h_padding=&#8221;2&#8243; top_padding=&#8221;2&#8243; bottom_padding=&#8221;2&#8243; overlay_alpha=&#8221;50&#8243; gutter_size=&#8221;3&#8243; column_width_percent=&#8221;100&#8243; shift_y=&#8221;0&#8243; z_index=&#8221;0&#8243; uncode_shortcode_id=&#8221;577654&#8243;][vc_column width=&#8221;1\/1&#8243;][uncode_share layout=&#8221;multiple&#8221; bigger=&#8221;yes&#8221; separator=&#8221;yes&#8221; css_animation=&#8221;bottom-t-top&#8221; title=&#8221;share&#8221;][\/vc_column][\/vc_row]<\/p>\n<\/div>","protected":false},"excerpt":{"rendered":"<p>[vc_row row_height_percent=&#8221;0&#8243; override_padding=&#8221;yes&#8221; h_padding=&#8221;2&#8243; top_padding=&#8221;2&#8243; bottom_padding=&#8221;0&#8243; overlay_alpha=&#8221;50&#8243; gutter_size=&#8221;3&#8243; column_width_percent=&#8221;100&#8243; shift_y=&#8221;0&#8243; z_index=&#8221;0&#8243; uncode_shortcode_id=&#8221;187932&#8243;][vc_column column_width_percent=&#8221;100&#8243; gutter_size=&#8221;2&#8243; overlay_alpha=&#8221;50&#8243; shift_x=&#8221;0&#8243; shift_y=&#8221;0&#8243; shift_y_down=&#8221;0&#8243; z_index=&#8221;0&#8243; medium_width=&#8221;0&#8243; [&hellip;]<\/p>\n","protected":false},"author":1,"featured_media":7230,"parent":0,"menu_order":0,"comment_status":"closed","ping_status":"closed","template":"","meta":{"footnotes":""},"class_list":["post-6950","page","type-page","status-publish","has-post-thumbnail","hentry"],"_links":{"self":[{"href":"https:\/\/unarchivefest.it\/en\/wp-json\/wp\/v2\/pages\/6950","targetHints":{"allow":["GET"]}}],"collection":[{"href":"https:\/\/unarchivefest.it\/en\/wp-json\/wp\/v2\/pages"}],"about":[{"href":"https:\/\/unarchivefest.it\/en\/wp-json\/wp\/v2\/types\/page"}],"author":[{"embeddable":true,"href":"https:\/\/unarchivefest.it\/en\/wp-json\/wp\/v2\/users\/1"}],"replies":[{"embeddable":true,"href":"https:\/\/unarchivefest.it\/en\/wp-json\/wp\/v2\/comments?post=6950"}],"version-history":[{"count":5,"href":"https:\/\/unarchivefest.it\/en\/wp-json\/wp\/v2\/pages\/6950\/revisions"}],"predecessor-version":[{"id":7265,"href":"https:\/\/unarchivefest.it\/en\/wp-json\/wp\/v2\/pages\/6950\/revisions\/7265"}],"wp:featuredmedia":[{"embeddable":true,"href":"https:\/\/unarchivefest.it\/en\/wp-json\/wp\/v2\/media\/7230"}],"wp:attachment":[{"href":"https:\/\/unarchivefest.it\/en\/wp-json\/wp\/v2\/media?parent=6950"}],"curies":[{"name":"wp","href":"https:\/\/api.w.org\/{rel}","templated":true}]}}